{"id":336,"date":"2024-01-18T09:29:18","date_gmt":"2024-01-18T08:29:18","guid":{"rendered":"https:\/\/design.net2rent.com\/daimar\/conditions-de-location\/"},"modified":"2024-01-18T09:29:19","modified_gmt":"2024-01-18T08:29:19","slug":"conditions-de-location","status":"publish","type":"page","link":"https:\/\/daimar.info\/fr\/conditions-de-location\/","title":{"rendered":"Conditions de location"},"content":{"rendered":"\t\t<div data-elementor-type=\"wp-page\" data-elementor-id=\"336\" class=\"elementor elementor-336 elementor-174\" data-elementor-post-type=\"page\">\n\t\t\t\t\t\t<section class=\"elementor-section elementor-top-section elementor-element elementor-element-37b71d0 elementor-section-boxed elementor-section-height-default elementor-section-height-default\" data-id=\"37b71d0\" data-element_type=\"section\" data-e-type=\"section\">\n\t\t\t\t\t\t<div class=\"elementor-container elementor-column-gap-default\">\n\t\t\t\t\t<div class=\"elementor-column elementor-col-100 elementor-top-column elementor-element elementor-element-f62b2d1\" data-id=\"f62b2d1\" data-element_type=\"column\" data-e-type=\"column\">\n\t\t\t<div class=\"elementor-widget-wrap elementor-element-populated\">\n\t\t\t\t\t\t<div class=\"elementor-element elementor-element-ad40f8d elementor-widget elementor-widget-heading\" data-id=\"ad40f8d\" data-element_type=\"widget\" data-e-type=\"widget\" data-widget_type=\"heading.default\">\n\t\t\t\t<div class=\"elementor-widget-container\">\n\t\t\t\t\t<h2 class=\"elementor-heading-title elementor-size-default\">Agencia Daimar - <strong>Conditions de location<\/strong><\/h2>\t\t\t\t<\/div>\n\t\t\t\t<\/div>\n\t\t\t\t<div class=\"elementor-element elementor-element-583939c elementor-widget elementor-widget-shortcode\" data-id=\"583939c\" data-element_type=\"widget\" data-e-type=\"widget\" data-widget_type=\"shortcode.default\">\n\t\t\t\t<div class=\"elementor-widget-container\">\n\t\t\t\t\t\t\t<div class=\"elementor-shortcode\"><div>1) En quittant l'appartement, ne le laissez pas sale, il est indispensable de descendre les poubelles. Laissez tous les v\u00eatements dans le sac ou ramass\u00e9s au m\u00eame endroit. L'appartement doit \u00eatre laiss\u00e9 en ordre et ferm\u00e9 : portes, fen\u00eatres et auvents. Mais ne coupez pas l'\u00e9lectricit\u00e9 ni les appareils \u00e9lectriques. Veuillez utiliser l'\u00e9nergie de mani\u00e8re responsable.<\/div>\r\n<div>\u00a0<\/div>\r\n<div>2. Lors de la remise des cl\u00e9s, le locataire est responsable de la garde des cl\u00e9s et doit assumer tous les frais li\u00e9s \u00e0 la perte ou \u00e0 l'oubli de celles-ci.<\/div>\r\n<div>\u00a0<\/div>\r\n<div>3) Le nombre d'occupants de l'appartement ne doit pas \u00eatre d\u00e9pass\u00e9.<\/div>\r\n<div>\u00a0<\/div>\r\n<div>4. Il est essentiel de nous informer si vous venez avec des animaux de compagnie. Tous les appartements ne sont pas adapt\u00e9s aux animaux.<\/div>\r\n<div>\u00a0<\/div>\r\n<div>5. Veuillez prendre soin de l'appartement et respecter les r\u00e8gles de la communaut\u00e9. Tout dommage caus\u00e9 sera imm\u00e9diatement signal\u00e9 \u00e0 l'agence et la personne qui l'a caus\u00e9 sera tenue pour responsable. En cas de panne d'un appareil \u00e9lectrom\u00e9nager ou de l'air conditionn\u00e9 (si vous en avez un), nous essaierons de le r\u00e9parer le plus rapidement possible ou, si n\u00e9cessaire, de le remplacer par un autre, mais vous devez tenir compte du fait qu'en \u00e9t\u00e9, les pi\u00e8ces d\u00e9tach\u00e9es sont retard\u00e9es.<\/div>\r\n<div>\u00a0<\/div>\r\n<div>6. Le paiement de la r\u00e9servation de l'appartement sera effectu\u00e9 dans les 7 jours suivant la communication de son attribution. Vous pouvez annuler l'appartement avec remboursement de la r\u00e9servation si vous nous en informez un mois avant la date d'arriv\u00e9e. Le solde du montant total de la location sera pay\u00e9 lors de la remise des cl\u00e9s.<br \/><br \/>\r\n<div>7. Les cl\u00e9s peuvent \u00eatre retir\u00e9es \u00e0 partir de 12 heures le jour de l'arriv\u00e9e (sauf pour les changements hebdomadaires du 8 juillet et du 8 ao\u00fbt, o\u00f9 l'arriv\u00e9e se fera \u00e0 partir de 16 heures). Les cl\u00e9s doivent \u00eatre d\u00e9pos\u00e9es avant 10 heures le jour du d\u00e9part.<\/div>\r\n<div>\u00a0<\/div>\r\n<div>8. Nous n'avons pas de service 24h\/24h. En cas d'incident, veuillez nous appeler au +34962819029 - +34615652313 et nous vous r\u00e9pondrons pendant nos heures d'ouverture : du lundi au vendredi de 9 \u00e0 13h. et de 16 \u00e0 20h. et les samedis et dimanches de 11 \u00e0 13h.<\/div>\r\n<div>\u00a0<\/div>\r\n<div>*En payant votre r\u00e9servation, vous acceptez de vous conformer aux r\u00e8gles que nous vous enverrons avant le paiement. Le non-respect du r\u00e8glement de l'appartement peut entra\u00eener l'annulation de la r\u00e9servation et le non-remboursement de l'argent. Si les r\u00e8gles sont d\u00e9tect\u00e9es apr\u00e8s le d\u00e9part des locataires, l'Agence Daimar se r\u00e9serve le droit d'admission pour les saisons futures.<br \/><br \/>\r\n<div><strong>Politique d'annulation<\/strong><\/div>\r\n<div>\u00a0<\/div>\r\n<div>Nous garantissons l'annulation avec remboursement int\u00e9gral de l'acompte si vous nous pr\u00e9venez un mois \u00e0 l'avance. Si vous annulez en dehors de cette p\u00e9riode, nous ne rembourserons l'acompte que si nous parvenons \u00e0 relouer le logement.<\/div>\r\n<\/div>\r\n<\/div>\r\n<div>\u00a0<\/div><\/div>\n\t\t\t\t\t\t<\/div>\n\t\t\t\t<\/div>\n\t\t\t\t\t<\/div>\n\t\t<\/div>\n\t\t\t\t\t<\/div>\n\t\t<\/section>\n\t\t\t\t<\/div>\n\t\t","protected":false},"excerpt":{"rendered":"<p>Agencia Daimar &#8211; Conditions de location<\/p>\n","protected":false},"author":1,"featured_media":324,"parent":0,"menu_order":0,"comment_status":"closed","ping_status":"closed","template":"","meta":{"footnotes":""},"class_list":["post-336","page","type-page","status-publish","has-post-thumbnail","hentry"],"yoast_head":"<!-- This site is optimized with the Yoast SEO plugin v27.4 - https:\/\/yoast.com\/product\/yoast-seo-wordpress\/ -->\n<title>Conditions de location - Agencia Daimar | Tu inmobiliaria en la playa de Daim\u00fas<\/title>\n<meta name=\"description\" content=\"AGENCIA DAIMAR, somos tu inmobiliaria en la playa de Daim\u00fas y alrededores (Bellreguart, Guardamar, Miramar, Gand\u00eda...).\" \/>\n<meta name=\"robots\" content=\"index, follow, max-snippet:-1, max-image-preview:large, max-video-preview:-1\" \/>\n<link rel=\"canonical\" href=\"https:\/\/daimar.info\/fr\/conditions-de-location\/\" \/>\n<meta property=\"og:locale\" content=\"fr_FR\" \/>\n<meta property=\"og:type\" content=\"article\" \/>\n<meta property=\"og:title\" content=\"Conditions de location - Agencia Daimar | Tu inmobiliaria en la playa de Daim\u00fas\" \/>\n<meta property=\"og:description\" content=\"AGENCIA DAIMAR, somos tu inmobiliaria en la playa de Daim\u00fas y alrededores (Bellreguart, Guardamar, Miramar, Gand\u00eda...).\" \/>\n<meta property=\"og:url\" content=\"https:\/\/daimar.info\/fr\/conditions-de-location\/\" \/>\n<meta property=\"og:site_name\" content=\"Agencia Daimar | Tu inmobiliaria en la playa de Daim\u00fas\" \/>\n<meta property=\"article:modified_time\" content=\"2024-01-18T08:29:19+00:00\" \/>\n<meta property=\"og:image\" content=\"https:\/\/daimar.info\/wp-content\/uploads\/2023\/12\/rrss-daimar.jpg\" \/>\n\t<meta property=\"og:image:width\" content=\"1280\" \/>\n\t<meta property=\"og:image:height\" content=\"720\" \/>\n\t<meta property=\"og:image:type\" content=\"image\/jpeg\" \/>\n<meta name=\"twitter:card\" content=\"summary_large_image\" \/>\n<script type=\"application\/ld+json\" class=\"yoast-schema-graph\">{\"@context\":\"https:\\\/\\\/schema.org\",\"@graph\":[{\"@type\":\"WebPage\",\"@id\":\"https:\\\/\\\/daimar.info\\\/fr\\\/conditions-de-location\\\/\",\"url\":\"https:\\\/\\\/daimar.info\\\/fr\\\/conditions-de-location\\\/\",\"name\":\"Conditions de location - Agencia Daimar | Tu inmobiliaria en la playa de Daim\u00fas\",\"isPartOf\":{\"@id\":\"https:\\\/\\\/daimar.info\\\/fr\\\/#website\"},\"primaryImageOfPage\":{\"@id\":\"https:\\\/\\\/daimar.info\\\/fr\\\/conditions-de-location\\\/#primaryimage\"},\"image\":{\"@id\":\"https:\\\/\\\/daimar.info\\\/fr\\\/conditions-de-location\\\/#primaryimage\"},\"thumbnailUrl\":\"https:\\\/\\\/daimar.info\\\/wp-content\\\/uploads\\\/2023\\\/12\\\/rrss-daimar.jpg\",\"datePublished\":\"2024-01-18T08:29:18+00:00\",\"dateModified\":\"2024-01-18T08:29:19+00:00\",\"description\":\"AGENCIA DAIMAR, somos tu inmobiliaria en la playa de Daim\u00fas y alrededores (Bellreguart, Guardamar, Miramar, Gand\u00eda...).\",\"breadcrumb\":{\"@id\":\"https:\\\/\\\/daimar.info\\\/fr\\\/conditions-de-location\\\/#breadcrumb\"},\"inLanguage\":\"fr-FR\",\"potentialAction\":[{\"@type\":\"ReadAction\",\"target\":[\"https:\\\/\\\/daimar.info\\\/fr\\\/conditions-de-location\\\/\"]}]},{\"@type\":\"BreadcrumbList\",\"@id\":\"https:\\\/\\\/daimar.info\\\/fr\\\/conditions-de-location\\\/#breadcrumb\",\"itemListElement\":[{\"@type\":\"ListItem\",\"position\":1,\"name\":\"Inicio\",\"item\":\"https:\\\/\\\/daimar.info\\\/fr\\\/agencia-daimar-votre-agence-immobiliere-a-daimus\\\/?lang=fr\"},{\"@type\":\"ListItem\",\"position\":2,\"name\":\"Conditions de location\"}]},{\"@type\":\"WebSite\",\"@id\":\"https:\\\/\\\/daimar.info\\\/fr\\\/#website\",\"url\":\"https:\\\/\\\/daimar.info\\\/fr\\\/\",\"name\":\"Agencia Daimar | Tu inmobiliaria en la playa de Daim\u00fas\",\"description\":\"AGENCIA DAIMAR, Tu inmobiliaria en la playa de Daim\u00fas y alrededores (Bellreguart, Guardamar, Miramar, Gand\u00eda...)\",\"publisher\":{\"@id\":\"https:\\\/\\\/daimar.info\\\/fr\\\/#organization\"},\"alternateName\":\"Agencia Daimar | Tu inmobiliaria en la playa de Daim\u00fas\",\"potentialAction\":[{\"@type\":\"SearchAction\",\"target\":{\"@type\":\"EntryPoint\",\"urlTemplate\":\"https:\\\/\\\/daimar.info\\\/resultados-de-busqueda-alquiler\\\/?search_text={search_term_string}\"},\"query-input\":{\"@type\":\"PropertyValueSpecification\",\"valueRequired\":true,\"valueName\":\"search_term_string\"}}],\"inLanguage\":\"fr-FR\"},{\"@type\":\"Organization\",\"@id\":\"https:\\\/\\\/daimar.info\\\/fr\\\/#organization\",\"name\":\"Agencia Daimar | Tu inmobiliaria en la playa de Daim\u00fas\",\"alternateName\":\"Agencia Daimar | Tu inmobiliaria en la playa de Daim\u00fas\",\"url\":\"https:\\\/\\\/daimar.info\\\/fr\\\/\",\"logo\":{\"@type\":\"ImageObject\",\"inLanguage\":\"fr-FR\",\"@id\":\"https:\\\/\\\/daimar.info\\\/fr\\\/#\\\/schema\\\/logo\\\/image\\\/\",\"url\":\"https:\\\/\\\/daimar.info\\\/wp-content\\\/uploads\\\/2023\\\/12\\\/daimar-logo.png\",\"contentUrl\":\"https:\\\/\\\/daimar.info\\\/wp-content\\\/uploads\\\/2023\\\/12\\\/daimar-logo.png\",\"width\":812,\"height\":248,\"caption\":\"Agencia Daimar | Tu inmobiliaria en la playa de Daim\u00fas\"},\"image\":{\"@id\":\"https:\\\/\\\/daimar.info\\\/fr\\\/#\\\/schema\\\/logo\\\/image\\\/\"}}]}<\/script>\n<!-- \/ Yoast SEO plugin. -->","yoast_head_json":{"title":"Conditions de location - Agencia Daimar | Tu inmobiliaria en la playa de Daim\u00fas","description":"AGENCIA DAIMAR, somos tu inmobiliaria en la playa de Daim\u00fas y alrededores (Bellreguart, Guardamar, Miramar, Gand\u00eda...).","robots":{"index":"index","follow":"follow","max-snippet":"max-snippet:-1","max-image-preview":"max-image-preview:large","max-video-preview":"max-video-preview:-1"},"canonical":"https:\/\/daimar.info\/fr\/conditions-de-location\/","og_locale":"fr_FR","og_type":"article","og_title":"Conditions de location - Agencia Daimar | Tu inmobiliaria en la playa de Daim\u00fas","og_description":"AGENCIA DAIMAR, somos tu inmobiliaria en la playa de Daim\u00fas y alrededores (Bellreguart, Guardamar, Miramar, Gand\u00eda...).","og_url":"https:\/\/daimar.info\/fr\/conditions-de-location\/","og_site_name":"Agencia Daimar | Tu inmobiliaria en la playa de Daim\u00fas","article_modified_time":"2024-01-18T08:29:19+00:00","og_image":[{"width":1280,"height":720,"url":"https:\/\/daimar.info\/wp-content\/uploads\/2023\/12\/rrss-daimar.jpg","type":"image\/jpeg"}],"twitter_card":"summary_large_image","schema":{"@context":"https:\/\/schema.org","@graph":[{"@type":"WebPage","@id":"https:\/\/daimar.info\/fr\/conditions-de-location\/","url":"https:\/\/daimar.info\/fr\/conditions-de-location\/","name":"Conditions de location - Agencia Daimar | Tu inmobiliaria en la playa de Daim\u00fas","isPartOf":{"@id":"https:\/\/daimar.info\/fr\/#website"},"primaryImageOfPage":{"@id":"https:\/\/daimar.info\/fr\/conditions-de-location\/#primaryimage"},"image":{"@id":"https:\/\/daimar.info\/fr\/conditions-de-location\/#primaryimage"},"thumbnailUrl":"https:\/\/daimar.info\/wp-content\/uploads\/2023\/12\/rrss-daimar.jpg","datePublished":"2024-01-18T08:29:18+00:00","dateModified":"2024-01-18T08:29:19+00:00","description":"AGENCIA DAIMAR, somos tu inmobiliaria en la playa de Daim\u00fas y alrededores (Bellreguart, Guardamar, Miramar, Gand\u00eda...).","breadcrumb":{"@id":"https:\/\/daimar.info\/fr\/conditions-de-location\/#breadcrumb"},"inLanguage":"fr-FR","potentialAction":[{"@type":"ReadAction","target":["https:\/\/daimar.info\/fr\/conditions-de-location\/"]}]},{"@type":"BreadcrumbList","@id":"https:\/\/daimar.info\/fr\/conditions-de-location\/#breadcrumb","itemListElement":[{"@type":"ListItem","position":1,"name":"Inicio","item":"https:\/\/daimar.info\/fr\/agencia-daimar-votre-agence-immobiliere-a-daimus\/?lang=fr"},{"@type":"ListItem","position":2,"name":"Conditions de location"}]},{"@type":"WebSite","@id":"https:\/\/daimar.info\/fr\/#website","url":"https:\/\/daimar.info\/fr\/","name":"Agencia Daimar | Tu inmobiliaria en la playa de Daim\u00fas","description":"AGENCIA DAIMAR, Tu inmobiliaria en la playa de Daim\u00fas y alrededores (Bellreguart, Guardamar, Miramar, Gand\u00eda...)","publisher":{"@id":"https:\/\/daimar.info\/fr\/#organization"},"alternateName":"Agencia Daimar | Tu inmobiliaria en la playa de Daim\u00fas","potentialAction":[{"@type":"SearchAction","target":{"@type":"EntryPoint","urlTemplate":"https:\/\/daimar.info\/resultados-de-busqueda-alquiler\/?search_text={search_term_string}"},"query-input":{"@type":"PropertyValueSpecification","valueRequired":true,"valueName":"search_term_string"}}],"inLanguage":"fr-FR"},{"@type":"Organization","@id":"https:\/\/daimar.info\/fr\/#organization","name":"Agencia Daimar | Tu inmobiliaria en la playa de Daim\u00fas","alternateName":"Agencia Daimar | Tu inmobiliaria en la playa de Daim\u00fas","url":"https:\/\/daimar.info\/fr\/","logo":{"@type":"ImageObject","inLanguage":"fr-FR","@id":"https:\/\/daimar.info\/fr\/#\/schema\/logo\/image\/","url":"https:\/\/daimar.info\/wp-content\/uploads\/2023\/12\/daimar-logo.png","contentUrl":"https:\/\/daimar.info\/wp-content\/uploads\/2023\/12\/daimar-logo.png","width":812,"height":248,"caption":"Agencia Daimar | Tu inmobiliaria en la playa de Daim\u00fas"},"image":{"@id":"https:\/\/daimar.info\/fr\/#\/schema\/logo\/image\/"}}]}},"_links":{"self":[{"href":"https:\/\/daimar.info\/fr\/wp-json\/wp\/v2\/pages\/336","targetHints":{"allow":["GET"]}}],"collection":[{"href":"https:\/\/daimar.info\/fr\/wp-json\/wp\/v2\/pages"}],"about":[{"href":"https:\/\/daimar.info\/fr\/wp-json\/wp\/v2\/types\/page"}],"author":[{"embeddable":true,"href":"https:\/\/daimar.info\/fr\/wp-json\/wp\/v2\/users\/1"}],"replies":[{"embeddable":true,"href":"https:\/\/daimar.info\/fr\/wp-json\/wp\/v2\/comments?post=336"}],"version-history":[{"count":0,"href":"https:\/\/daimar.info\/fr\/wp-json\/wp\/v2\/pages\/336\/revisions"}],"wp:featuredmedia":[{"embeddable":true,"href":"https:\/\/daimar.info\/fr\/wp-json\/wp\/v2\/media\/324"}],"wp:attachment":[{"href":"https:\/\/daimar.info\/fr\/wp-json\/wp\/v2\/media?parent=336"}],"curies":[{"name":"wp","href":"https:\/\/api.w.org\/{rel}","templated":true}]}}