{"id":349,"date":"2024-01-18T09:37:53","date_gmt":"2024-01-18T08:37:53","guid":{"rendered":"https:\/\/design.net2rent.com\/daimar\/politique-dannulation\/"},"modified":"2024-01-25T10:36:32","modified_gmt":"2024-01-25T09:36:32","slug":"politique-dannulation","status":"publish","type":"page","link":"https:\/\/daimar.info\/fr\/politique-dannulation\/","title":{"rendered":"Politique d&#8217;annulation"},"content":{"rendered":"\t\t<div data-elementor-type=\"wp-page\" data-elementor-id=\"349\" class=\"elementor elementor-349 elementor-187\" data-elementor-post-type=\"page\">\n\t\t\t\t\t\t<section class=\"elementor-section elementor-top-section elementor-element elementor-element-f69fe45 elementor-section-boxed elementor-section-height-default elementor-section-height-default\" data-id=\"f69fe45\" data-element_type=\"section\" data-e-type=\"section\">\n\t\t\t\t\t\t<div class=\"elementor-container elementor-column-gap-default\">\n\t\t\t\t\t<div class=\"elementor-column elementor-col-100 elementor-top-column elementor-element elementor-element-a4e05f4\" data-id=\"a4e05f4\" data-element_type=\"column\" data-e-type=\"column\">\n\t\t\t<div class=\"elementor-widget-wrap elementor-element-populated\">\n\t\t\t\t\t\t<div class=\"elementor-element elementor-element-b2cc67c elementor-widget elementor-widget-heading\" data-id=\"b2cc67c\" data-element_type=\"widget\" data-e-type=\"widget\" data-widget_type=\"heading.default\">\n\t\t\t\t<div class=\"elementor-widget-container\">\n\t\t\t\t\t<h2 class=\"elementor-heading-title elementor-size-default\">Agencia Daimar - <strong>Politique d'annulation<\/strong><\/h2>\t\t\t\t<\/div>\n\t\t\t\t<\/div>\n\t\t\t\t<div class=\"elementor-element elementor-element-677fd36 elementor-widget elementor-widget-text-editor\" data-id=\"677fd36\" data-element_type=\"widget\" data-e-type=\"widget\" data-widget_type=\"text-editor.default\">\n\t\t\t\t<div class=\"elementor-widget-container\">\n\t\t\t\t\t\t\t\t\t<ul>\n<li>Nous garantissons l&#8217;annulation avec remboursement int\u00e9gral de l&#8217;acompte si vous nous pr\u00e9venez un mois \u00e0 l&#8217;avance.<\/li>\n<li>Si vous annulez en dehors de cette p\u00e9riode, nous ne rembourserons l&#8217;acompte que si nous parvenons \u00e0 relouer le logement.<\/li>\n<\/ul>\n\t\t\t\t\t\t\t\t<\/div>\n\t\t\t\t<\/div>\n\t\t\t\t\t<\/div>\n\t\t<\/div>\n\t\t\t\t\t<\/div>\n\t\t<\/section>\n\t\t\t\t<\/div>\n\t\t","protected":false},"excerpt":{"rendered":"<p>Agencia Daimar &#8211; Politique d&#8217;annulation Nous garantissons l&#8217;annulation avec remboursement int\u00e9gral de l&#8217;acompte si vous nous pr\u00e9venez un mois \u00e0 l&#8217;avance. Si vous annulez en dehors de cette p\u00e9riode, nous ne rembourserons l&#8217;acompte que si nous parvenons \u00e0 relouer le logement.<\/p>\n","protected":false},"author":1,"featured_media":324,"parent":0,"menu_order":0,"comment_status":"closed","ping_status":"closed","template":"","meta":{"footnotes":""},"class_list":["post-349","page","type-page","status-publish","has-post-thumbnail","hentry"],"yoast_head":"<!-- This site is optimized with the Yoast SEO plugin v27.4 - https:\/\/yoast.com\/product\/yoast-seo-wordpress\/ -->\n<title>Politique d&#039;annulation - Agencia Daimar | Tu inmobiliaria en la playa de Daim\u00fas<\/title>\n<meta name=\"description\" content=\"AGENCIA DAIMAR, somos tu inmobiliaria en la playa de Daim\u00fas y alrededores (Bellreguart, Guardamar, Miramar, Gand\u00eda...).\" \/>\n<meta name=\"robots\" content=\"index, follow, max-snippet:-1, max-image-preview:large, max-video-preview:-1\" \/>\n<link rel=\"canonical\" href=\"https:\/\/daimar.info\/fr\/politique-dannulation\/\" \/>\n<meta property=\"og:locale\" content=\"fr_FR\" \/>\n<meta property=\"og:type\" content=\"article\" \/>\n<meta property=\"og:title\" content=\"Politique d&#039;annulation - Agencia Daimar | Tu inmobiliaria en la playa de Daim\u00fas\" \/>\n<meta property=\"og:description\" content=\"AGENCIA DAIMAR, somos tu inmobiliaria en la playa de Daim\u00fas y alrededores (Bellreguart, Guardamar, Miramar, Gand\u00eda...).\" \/>\n<meta property=\"og:url\" content=\"https:\/\/daimar.info\/fr\/politique-dannulation\/\" \/>\n<meta property=\"og:site_name\" content=\"Agencia Daimar | Tu inmobiliaria en la playa de Daim\u00fas\" \/>\n<meta property=\"article:modified_time\" content=\"2024-01-25T09:36:32+00:00\" \/>\n<meta property=\"og:image\" content=\"https:\/\/daimar.info\/wp-content\/uploads\/2023\/12\/rrss-daimar.jpg\" \/>\n\t<meta property=\"og:image:width\" content=\"1280\" \/>\n\t<meta property=\"og:image:height\" content=\"720\" \/>\n\t<meta property=\"og:image:type\" content=\"image\/jpeg\" \/>\n<meta name=\"twitter:card\" content=\"summary_large_image\" \/>\n<script type=\"application\/ld+json\" class=\"yoast-schema-graph\">{\"@context\":\"https:\\\/\\\/schema.org\",\"@graph\":[{\"@type\":\"WebPage\",\"@id\":\"https:\\\/\\\/daimar.info\\\/fr\\\/politique-dannulation\\\/\",\"url\":\"https:\\\/\\\/daimar.info\\\/fr\\\/politique-dannulation\\\/\",\"name\":\"Politique d'annulation - Agencia Daimar | Tu inmobiliaria en la playa de Daim\u00fas\",\"isPartOf\":{\"@id\":\"https:\\\/\\\/daimar.info\\\/fr\\\/#website\"},\"primaryImageOfPage\":{\"@id\":\"https:\\\/\\\/daimar.info\\\/fr\\\/politique-dannulation\\\/#primaryimage\"},\"image\":{\"@id\":\"https:\\\/\\\/daimar.info\\\/fr\\\/politique-dannulation\\\/#primaryimage\"},\"thumbnailUrl\":\"https:\\\/\\\/daimar.info\\\/wp-content\\\/uploads\\\/2023\\\/12\\\/rrss-daimar.jpg\",\"datePublished\":\"2024-01-18T08:37:53+00:00\",\"dateModified\":\"2024-01-25T09:36:32+00:00\",\"description\":\"AGENCIA DAIMAR, somos tu inmobiliaria en la playa de Daim\u00fas y alrededores (Bellreguart, Guardamar, Miramar, Gand\u00eda...).\",\"breadcrumb\":{\"@id\":\"https:\\\/\\\/daimar.info\\\/fr\\\/politique-dannulation\\\/#breadcrumb\"},\"inLanguage\":\"fr-FR\",\"potentialAction\":[{\"@type\":\"ReadAction\",\"target\":[\"https:\\\/\\\/daimar.info\\\/fr\\\/politique-dannulation\\\/\"]}]},{\"@type\":\"BreadcrumbList\",\"@id\":\"https:\\\/\\\/daimar.info\\\/fr\\\/politique-dannulation\\\/#breadcrumb\",\"itemListElement\":[{\"@type\":\"ListItem\",\"position\":1,\"name\":\"Inicio\",\"item\":\"https:\\\/\\\/daimar.info\\\/fr\\\/agencia-daimar-votre-agence-immobiliere-a-daimus\\\/?lang=fr\"},{\"@type\":\"ListItem\",\"position\":2,\"name\":\"Politique d&#8217;annulation\"}]},{\"@type\":\"WebSite\",\"@id\":\"https:\\\/\\\/daimar.info\\\/fr\\\/#website\",\"url\":\"https:\\\/\\\/daimar.info\\\/fr\\\/\",\"name\":\"Agencia Daimar | Tu inmobiliaria en la playa de Daim\u00fas\",\"description\":\"AGENCIA DAIMAR, Tu inmobiliaria en la playa de Daim\u00fas y alrededores (Bellreguart, Guardamar, Miramar, Gand\u00eda...)\",\"publisher\":{\"@id\":\"https:\\\/\\\/daimar.info\\\/fr\\\/#organization\"},\"alternateName\":\"Agencia Daimar | Tu inmobiliaria en la playa de Daim\u00fas\",\"potentialAction\":[{\"@type\":\"SearchAction\",\"target\":{\"@type\":\"EntryPoint\",\"urlTemplate\":\"https:\\\/\\\/daimar.info\\\/resultados-de-busqueda-alquiler\\\/?search_text={search_term_string}\"},\"query-input\":{\"@type\":\"PropertyValueSpecification\",\"valueRequired\":true,\"valueName\":\"search_term_string\"}}],\"inLanguage\":\"fr-FR\"},{\"@type\":\"Organization\",\"@id\":\"https:\\\/\\\/daimar.info\\\/fr\\\/#organization\",\"name\":\"Agencia Daimar | Tu inmobiliaria en la playa de Daim\u00fas\",\"alternateName\":\"Agencia Daimar | Tu inmobiliaria en la playa de Daim\u00fas\",\"url\":\"https:\\\/\\\/daimar.info\\\/fr\\\/\",\"logo\":{\"@type\":\"ImageObject\",\"inLanguage\":\"fr-FR\",\"@id\":\"https:\\\/\\\/daimar.info\\\/fr\\\/#\\\/schema\\\/logo\\\/image\\\/\",\"url\":\"https:\\\/\\\/daimar.info\\\/wp-content\\\/uploads\\\/2023\\\/12\\\/daimar-logo.png\",\"contentUrl\":\"https:\\\/\\\/daimar.info\\\/wp-content\\\/uploads\\\/2023\\\/12\\\/daimar-logo.png\",\"width\":812,\"height\":248,\"caption\":\"Agencia Daimar | Tu inmobiliaria en la playa de Daim\u00fas\"},\"image\":{\"@id\":\"https:\\\/\\\/daimar.info\\\/fr\\\/#\\\/schema\\\/logo\\\/image\\\/\"}}]}<\/script>\n<!-- \/ Yoast SEO plugin. -->","yoast_head_json":{"title":"Politique d'annulation - Agencia Daimar | Tu inmobiliaria en la playa de Daim\u00fas","description":"AGENCIA DAIMAR, somos tu inmobiliaria en la playa de Daim\u00fas y alrededores (Bellreguart, Guardamar, Miramar, Gand\u00eda...).","robots":{"index":"index","follow":"follow","max-snippet":"max-snippet:-1","max-image-preview":"max-image-preview:large","max-video-preview":"max-video-preview:-1"},"canonical":"https:\/\/daimar.info\/fr\/politique-dannulation\/","og_locale":"fr_FR","og_type":"article","og_title":"Politique d'annulation - Agencia Daimar | Tu inmobiliaria en la playa de Daim\u00fas","og_description":"AGENCIA DAIMAR, somos tu inmobiliaria en la playa de Daim\u00fas y alrededores (Bellreguart, Guardamar, Miramar, Gand\u00eda...).","og_url":"https:\/\/daimar.info\/fr\/politique-dannulation\/","og_site_name":"Agencia Daimar | Tu inmobiliaria en la playa de Daim\u00fas","article_modified_time":"2024-01-25T09:36:32+00:00","og_image":[{"width":1280,"height":720,"url":"https:\/\/daimar.info\/wp-content\/uploads\/2023\/12\/rrss-daimar.jpg","type":"image\/jpeg"}],"twitter_card":"summary_large_image","schema":{"@context":"https:\/\/schema.org","@graph":[{"@type":"WebPage","@id":"https:\/\/daimar.info\/fr\/politique-dannulation\/","url":"https:\/\/daimar.info\/fr\/politique-dannulation\/","name":"Politique d'annulation - Agencia Daimar | Tu inmobiliaria en la playa de Daim\u00fas","isPartOf":{"@id":"https:\/\/daimar.info\/fr\/#website"},"primaryImageOfPage":{"@id":"https:\/\/daimar.info\/fr\/politique-dannulation\/#primaryimage"},"image":{"@id":"https:\/\/daimar.info\/fr\/politique-dannulation\/#primaryimage"},"thumbnailUrl":"https:\/\/daimar.info\/wp-content\/uploads\/2023\/12\/rrss-daimar.jpg","datePublished":"2024-01-18T08:37:53+00:00","dateModified":"2024-01-25T09:36:32+00:00","description":"AGENCIA DAIMAR, somos tu inmobiliaria en la playa de Daim\u00fas y alrededores (Bellreguart, Guardamar, Miramar, Gand\u00eda...).","breadcrumb":{"@id":"https:\/\/daimar.info\/fr\/politique-dannulation\/#breadcrumb"},"inLanguage":"fr-FR","potentialAction":[{"@type":"ReadAction","target":["https:\/\/daimar.info\/fr\/politique-dannulation\/"]}]},{"@type":"BreadcrumbList","@id":"https:\/\/daimar.info\/fr\/politique-dannulation\/#breadcrumb","itemListElement":[{"@type":"ListItem","position":1,"name":"Inicio","item":"https:\/\/daimar.info\/fr\/agencia-daimar-votre-agence-immobiliere-a-daimus\/?lang=fr"},{"@type":"ListItem","position":2,"name":"Politique d&#8217;annulation"}]},{"@type":"WebSite","@id":"https:\/\/daimar.info\/fr\/#website","url":"https:\/\/daimar.info\/fr\/","name":"Agencia Daimar | Tu inmobiliaria en la playa de Daim\u00fas","description":"AGENCIA DAIMAR, Tu inmobiliaria en la playa de Daim\u00fas y alrededores (Bellreguart, Guardamar, Miramar, Gand\u00eda...)","publisher":{"@id":"https:\/\/daimar.info\/fr\/#organization"},"alternateName":"Agencia Daimar | Tu inmobiliaria en la playa de Daim\u00fas","potentialAction":[{"@type":"SearchAction","target":{"@type":"EntryPoint","urlTemplate":"https:\/\/daimar.info\/resultados-de-busqueda-alquiler\/?search_text={search_term_string}"},"query-input":{"@type":"PropertyValueSpecification","valueRequired":true,"valueName":"search_term_string"}}],"inLanguage":"fr-FR"},{"@type":"Organization","@id":"https:\/\/daimar.info\/fr\/#organization","name":"Agencia Daimar | Tu inmobiliaria en la playa de Daim\u00fas","alternateName":"Agencia Daimar | Tu inmobiliaria en la playa de Daim\u00fas","url":"https:\/\/daimar.info\/fr\/","logo":{"@type":"ImageObject","inLanguage":"fr-FR","@id":"https:\/\/daimar.info\/fr\/#\/schema\/logo\/image\/","url":"https:\/\/daimar.info\/wp-content\/uploads\/2023\/12\/daimar-logo.png","contentUrl":"https:\/\/daimar.info\/wp-content\/uploads\/2023\/12\/daimar-logo.png","width":812,"height":248,"caption":"Agencia Daimar | Tu inmobiliaria en la playa de Daim\u00fas"},"image":{"@id":"https:\/\/daimar.info\/fr\/#\/schema\/logo\/image\/"}}]}},"_links":{"self":[{"href":"https:\/\/daimar.info\/fr\/wp-json\/wp\/v2\/pages\/349","targetHints":{"allow":["GET"]}}],"collection":[{"href":"https:\/\/daimar.info\/fr\/wp-json\/wp\/v2\/pages"}],"about":[{"href":"https:\/\/daimar.info\/fr\/wp-json\/wp\/v2\/types\/page"}],"author":[{"embeddable":true,"href":"https:\/\/daimar.info\/fr\/wp-json\/wp\/v2\/users\/1"}],"replies":[{"embeddable":true,"href":"https:\/\/daimar.info\/fr\/wp-json\/wp\/v2\/comments?post=349"}],"version-history":[{"count":0,"href":"https:\/\/daimar.info\/fr\/wp-json\/wp\/v2\/pages\/349\/revisions"}],"wp:featuredmedia":[{"embeddable":true,"href":"https:\/\/daimar.info\/fr\/wp-json\/wp\/v2\/media\/324"}],"wp:attachment":[{"href":"https:\/\/daimar.info\/fr\/wp-json\/wp\/v2\/media?parent=349"}],"curies":[{"name":"wp","href":"https:\/\/api.w.org\/{rel}","templated":true}]}}